{"id":126,"date":"2023-02-07T03:55:12","date_gmt":"2023-02-07T03:55:12","guid":{"rendered":"https:\/\/demo2wpopal.b-cdn.net\/printec\/shop\/heavy-duty-bronze-coat\/"},"modified":"2024-06-27T09:36:49","modified_gmt":"2024-06-27T07:36:49","slug":"camiseta-de-la-muerte","status":"publish","type":"product","link":"https:\/\/babai.ilune.es\/en\/producto\/camiseta-de-la-muerte\/","title":{"rendered":"Camiseta de la muerte"},"content":{"rendered":"<p>Estampado blanco de coraz\u00f3n calavera sobre camiseta negra unisex.<\/p>\n<p>Representaci\u00f3n simp\u00e1tica de la Muerte llena de Vida.<\/p>\n<p>Estas camisetas ecol\u00f3gicas de tela org\u00e1nica tienen tres certificados de producci\u00f3n sostenible.<\/p>\n<p>Medidas: S (44,5 x 64 cm), M (47,5 x 66 cm), L (50,5 x 68 cm) y XL (53,5 x 69 cm).<\/p>\n<h2>RESPETANDO LA NATURALEZA Y LAS PERSONAS<\/h2>\n<p>Nuestras camisetas han sido fabricadas respetando las condiciones laborales de las trabajadoras, trabajadores y el medio ambiente, confeccion\u00e1ndolas exclusivamente con fibras naturales org\u00e1nicas, libres de sustancias nocivas para la salud y provenientes de plantaciones sostenibles.<\/p>\n<h3>1-GLOBAL ORGANIC TEXTILE STANDARD<\/h3>\n<p>GOTS \u2013 (Global Organic Textile Standard; traducido, \u2018Norma Mundial de Textiles Org\u00e1nicos\u2019) es el est\u00e1ndar por el cual se aprueba que los tejidos y los textiles est\u00e1n hechos de fibras org\u00e1nicas. Solo los textiles fabricados con al menos un 70% de <strong>fibras org\u00e1nicas<\/strong> pueden obtener este tipo de certificaci\u00f3n.<\/p>\n<p>El objetivo del <strong>GOTS<\/strong> es definir los requisitos reconocidos a nivel mundial que aseguran el estado org\u00e1nico de los textiles, desde la recolecci\u00f3n de las <strong>materias primas<\/strong>, incluyendo la <strong>fabricaci\u00f3n responsable desde el punto de vista ambiental, social<\/strong> y hasta el etiquetado para proporcionar una garant\u00eda cre\u00edble al consumidor final; es decir, su mirada est\u00e1 puesta en generar <strong>confianza y transparencia<\/strong> de toda la cadena de proveedores. Los procesadores y fabricantes de textiles est\u00e1n habilitados para exportar sus <strong>telas y prendas org\u00e1nicas<\/strong> con una certificaci\u00f3n aceptada en todos los mercados principales.<\/p>\n<p>La demanda de <strong>textiles sostenibles a nivel social<\/strong> ha aumentado mucho en los \u00faltimos a\u00f1os; cada vez somos m\u00e1s los y las que <strong>tomamos conciencia acerca de lo que consumimos, compramos y desechamos<\/strong>. Esto pone presi\u00f3n sobre las marcas y empresas encargadas de la generaci\u00f3n y producci\u00f3n de prendas de vestir, oblig\u00e1ndolas a desarrollar e implementar <strong>mejores condiciones humanas de trabajo<\/strong>, cumplimiento con los <strong>est\u00e1ndares sostenibles y ecol\u00f3gicos m\u00ednimos, y apostando por una industria que est\u00e9 basada en la sostenibilidad y el comercio justo.<\/strong><\/p>\n<p>Toda la informaci\u00f3n sobre GOTS puede ser encontrada en su sitio web oficial: <a href=\"https:\/\/www.global-standard.org\/es\/\" target=\"_blank\" rel=\"noopener noreferrer\">AQU\u00cd<\/a><\/p>\n<h3>2-OEKO-TEX STANDARD 100<\/h3>\n<p>Oeko-tex Standard 100 es el l\u00edder internacional en etiquetas ecol\u00f3gicas para <strong>textiles libres de sustancias nocivas<\/strong>.<\/p>\n<p>Oeko-Tex Standard 100 es un <strong>sistema mundial de prueba y certificaci\u00f3n<\/strong> consistente para productos textiles en todos los niveles de procesamiento. Las pruebas de sustancias t\u00f3xicas incluyen sustancias prohibidas y reguladas legalmente, productos qu\u00edmicos considerados<br \/>\nnocivos para nuestra salud, as\u00ed como medidas preventivas.<\/p>\n<p>Este certificado significa una mejor seguridad del producto y un sistema de control de calidad interno en el que los fabricantes pueden comparar los productos probados con la marca Oeko-Tex.<\/p>\n<h4>\u00bfPor qu\u00e9 deber\u00eda exigir esto?<\/h4>\n<p>Oeko-Tex comprueba todos los componentes del producto y certifica que no contienen sustancias que puedan ser perjudiciales o perjudiciales para nuestra salud.<\/p>\n<h4>\u00bfQu\u00e9 significa todo esto para m\u00ed como consumidor\/a?<\/h4>\n<p>Como consumidores\/ras podemos tener seguridad de haber comprado un producto que ha pasado por un an\u00e1lisis exhaustivo, lo que nos permite estar seguros de saber que el producto no contiene sustancias nocivas para nuestra salud.<\/p>\n<h4>Si un componente del producto tiene el certificado, \u00bfsignifica eso que todo el producto tambi\u00e9n lo tiene?<\/h4>\n<p>No, si un componente de tu ropa, por ejemplo la cremallera de tu chaqueta, tiene la certificaci\u00f3n Oeko-Tex, no significa necesariamente que la tela, el hilo, los botones o el resto de la chaqueta la tengan.<\/p>\n<h4>Si compro un producto con este certificado, \u00bfestoy invirtiendo en calidad?<\/h4>\n<p>Sin duda. Comprar un producto con este certificado es una inversi\u00f3n en calidad y en tu salud.<\/p>\n<h3>3-FAIR WEAR FOUNDATION<\/h3>\n<p>Normas laborales de desgaste justo.<\/p>\n<p>El C\u00f3digo de Pr\u00e1cticas Laborales Fair Wear contiene ocho normas laborales que se basan en las convenciones de la Organizaci\u00f3n Internacional del Trabajo (OIT) y la Declaraci\u00f3n Universal de Derechos Humanos. El C\u00f3digo de Pr\u00e1cticas Laborales de Uso Justo es conocido por sus fuertes disposiciones sobre la libertad de asociaci\u00f3n, las horas de trabajo y un salario digno.<\/p>\n<p>Los ocho est\u00e1ndares laborales de Fair Wear son:<br \/>\n\u2022 El empleo se elige libremente<br \/>\n\u2022 No hay discriminaci\u00f3n en el empleo<br \/>\n\u2022 No al trabajo infantil<br \/>\n\u2022 Libertad de asociaci\u00f3n y derecho a la negociaci\u00f3n colectiva<br \/>\n\u2022 Pago de un salario digno<br \/>\n\u2022 Sin horas de trabajo excesivas<br \/>\n\u2022 Condiciones de trabajo seguras y saludables<br \/>\n\u2022 Relaci\u00f3n laboral legalmente vinculante<\/p>\n","protected":false},"excerpt":{"rendered":"<p>Estampado blanco de coraz\u00f3n calavera sobre camiseta negra unisex.<\/p>\n","protected":false},"featured_media":10832,"comment_status":"open","ping_status":"closed","template":"","meta":[],"product_cat":[38],"product_tag":[96,95],"class_list":{"0":"post-126","1":"product","2":"type-product","3":"status-publish","4":"has-post-thumbnail","6":"product_brand-viva-muerte","7":"product_cat-camisetas","8":"product_tag-corazon","9":"product_tag-muerte","11":"first","12":"instock","13":"taxable","14":"shipping-taxable","15":"purchasable","16":"product-type-variable"},"_links":{"self":[{"href":"https:\/\/babai.ilune.es\/en\/wp-json\/wp\/v2\/product\/126","targetHints":{"allow":["GET"]}}],"collection":[{"href":"https:\/\/babai.ilune.es\/en\/wp-json\/wp\/v2\/product"}],"about":[{"href":"https:\/\/babai.ilune.es\/en\/wp-json\/wp\/v2\/types\/product"}],"replies":[{"embeddable":true,"href":"https:\/\/babai.ilune.es\/en\/wp-json\/wp\/v2\/comments?post=126"}],"version-history":[{"count":2,"href":"https:\/\/babai.ilune.es\/en\/wp-json\/wp\/v2\/product\/126\/revisions"}],"predecessor-version":[{"id":10836,"href":"https:\/\/babai.ilune.es\/en\/wp-json\/wp\/v2\/product\/126\/revisions\/10836"}],"wp:featuredmedia":[{"embeddable":true,"href":"https:\/\/babai.ilune.es\/en\/wp-json\/wp\/v2\/media\/10832"}],"wp:attachment":[{"href":"https:\/\/babai.ilune.es\/en\/wp-json\/wp\/v2\/media?parent=126"}],"wp:term":[{"taxonomy":"product_cat","embeddable":true,"href":"https:\/\/babai.ilune.es\/en\/wp-json\/wp\/v2\/product_cat?post=126"},{"taxonomy":"product_tag","embeddable":true,"href":"https:\/\/babai.ilune.es\/en\/wp-json\/wp\/v2\/product_tag?post=126"}],"curies":[{"name":"wp","href":"https:\/\/api.w.org\/{rel}","templated":true}]}}